{"id":123,"date":"2025-11-16T14:53:36","date_gmt":"2025-11-16T14:53:36","guid":{"rendered":"https:\/\/samaritans-faleralaax.ch\/?page_id=123"},"modified":"2025-12-15T16:39:30","modified_gmt":"2025-12-15T16:39:30","slug":"kosten-sanitaetsdienst","status":"publish","type":"page","link":"https:\/\/samaritans-faleralaax.ch\/?page_id=123","title":{"rendered":"Kosten Sanit\u00e4tsdienst"},"content":{"rendered":"\n<br>\n\n\n\n<h2 class=\"wp-block-heading\">Kosten Sanit\u00e4tsdienst<\/h2>\n\n\n\n<p>Beim Sanit\u00e4tsdienst erhalten Verletzte und akut Erkrankte erste Hilfe und die notwendige Betreuung bis zum Eintreffen des Notarztes oder der Rettungskr\u00e4fte.<\/p>\n\n\n\n<h4 class=\"wp-block-heading\">Personal<\/h4>\n\n\n\n<p>Samaritans Falera\/Laax entscheidet je nach Anlass \u00fcber die Anzahl dienstleistender Samariter nach den Richtlinien von Samariter Schweiz.<\/p>\n\n\n\n<h4 class=\"wp-block-heading\">Entsch\u00e4digung<\/h4>\n\n\n\n<p>von 8.00 &#8211; 20.00 Uhr&nbsp;&nbsp;&nbsp;&nbsp;&nbsp;&nbsp;&nbsp; Pro Samariter CHF 25.&#8211; \/ Stunde<\/p>\n\n\n\n<p>von 20.00 &#8211; 8.00 Uhr&nbsp;&nbsp;&nbsp;&nbsp;&nbsp;&nbsp;&nbsp; Pro Samariter CHF 30.&#8211; \/ Stunde<\/p>\n\n\n\n<p>Bei einem Einsatz am Berg werden die Stunden ab dem Zeitpunkt der Abfahrt an der Talstation bis zur R\u00fcckkehr ins Tal berechnet. Bei anderen Einsatzorten ausserhalb der Ortschaften wird die Anfahrt\/R\u00fcckfahrt sinngem\u00e4ss verrechnet.<\/p>\n\n\n\n<p>Patiententransporte durch Samariter werden dem Veranstalter zus\u00e4tzlich zum Stundenaufwand mit CHF -.70\/Kilometer verrechnet.<\/p>\n\n\n\n<p>F\u00fcr den Sanit\u00e4tsdienstanh\u00e4nger werden dem Veranstalter pauschal pro ersten Tag CHF&nbsp;100.&#8211; und f\u00fcr jeden weiteren Tag CHF 50.&#8211; in Rechnung gestellt.<\/p>\n\n\n\n<p>Verbrauchsmaterial bis CHF 20.&#8211; sind in der normalen Entsch\u00e4digung inbegriffen. Einsatzmaterial \u00fcber CHF 20.&#8211; wird je nach Aufwand dem Veranstalter verrechnet. Der Transport des Sanit\u00e4tsdienstanh\u00e4ngers erfolgt in erster Linie durch den Veranstalter. Erfolgt dieser Transport durch einen Samariter, werden CHF 30.&#8211; in Rechnung gestellt.<\/p>\n\n\n\n<p>Pro Samariterrucksack werden CHF 50.&#8211;\/Tag verrechnet.<\/p>\n\n\n\n<div class=\"wp-block-columns is-layout-flex wp-container-core-columns-is-layout-28f84493 wp-block-columns-is-layout-flex\">\n<div class=\"wp-block-column is-layout-flow wp-block-column-is-layout-flow\"><\/div>\n\n\n\n<div class=\"wp-block-column is-layout-flow wp-block-column-is-layout-flow\">\n<div class=\"wp-block-buttons is-content-justification-center is-layout-flex wp-container-core-buttons-is-layout-a89b3969 wp-block-buttons-is-layout-flex\">\n<div class=\"wp-block-button is-style-fill\"><a class=\"wp-block-button__link has-vivid-red-background-color has-background wp-element-button\" href=\"https:\/\/samaritans-faleralaax.ch\/?page_id=57\">Anfrage Offerte<\/a><\/div>\n<\/div>\n<\/div>\n\n\n\n<div class=\"wp-block-column is-layout-flow wp-block-column-is-layout-flow\"><\/div>\n<\/div>\n\n\n\n<p><\/p>\n","protected":false},"excerpt":{"rendered":"<p>Kosten Sanit\u00e4tsdienst Beim Sanit\u00e4tsdienst erhalten Verletzte und akut Erkrankte erste Hilfe und die notwendige Betreuung bis zum Eintreffen des Notarztes [&hellip;]<\/p>\n","protected":false},"author":1,"featured_media":0,"parent":0,"menu_order":0,"comment_status":"closed","ping_status":"closed","template":"","meta":{"_uag_custom_page_level_css":"","site-sidebar-layout":"default","site-content-layout":"","ast-site-content-layout":"default","site-content-style":"default","site-sidebar-style":"default","ast-global-header-display":"","ast-banner-title-visibility":"","ast-main-header-display":"","ast-hfb-above-header-display":"","ast-hfb-below-header-display":"","ast-hfb-mobile-header-display":"","site-post-title":"disabled","ast-breadcrumbs-content":"","ast-featured-img":"","footer-sml-layout":"","ast-disable-related-posts":"","theme-transparent-header-meta":"","adv-header-id-meta":"","stick-header-meta":"","header-above-stick-meta":"","header-main-stick-meta":"","header-below-stick-meta":"","astra-migrate-meta-layouts":"default","ast-page-background-enabled":"default","ast-page-background-meta":{"desktop":{"background-color":"var(--ast-global-color-5)","background-image":"","background-repeat":"repeat","background-position":"center center","background-size":"auto","background-attachment":"scroll","background-type":"","background-media":"","overlay-type":"","overlay-color":"","overlay-opacity":"","overlay-gradient":""},"tablet":{"background-color":"","background-image":"","background-repeat":"repeat","background-position":"center center","background-size":"auto","background-attachment":"scroll","background-type":"","background-media":"","overlay-type":"","overlay-color":"","overlay-opacity":"","overlay-gradient":""},"mobile":{"background-color":"","background-image":"","background-repeat":"repeat","background-position":"center center","background-size":"auto","background-attachment":"scroll","background-type":"","background-media":"","overlay-type":"","overlay-color":"","overlay-opacity":"","overlay-gradient":""}},"ast-content-background-meta":{"desktop":{"background-color":"var(--ast-global-color-4)","background-image":"","background-repeat":"repeat","background-position":"center center","background-size":"auto","background-attachment":"scroll","background-type":"","background-media":"","overlay-type":"","overlay-color":"","overlay-opacity":"","overlay-gradient":""},"tablet":{"background-color":"var(--ast-global-color-4)","background-image":"","background-repeat":"repeat","background-position":"center center","background-size":"auto","background-attachment":"scroll","background-type":"","background-media":"","overlay-type":"","overlay-color":"","overlay-opacity":"","overlay-gradient":""},"mobile":{"background-color":"var(--ast-global-color-4)","background-image":"","background-repeat":"repeat","background-position":"center center","background-size":"auto","background-attachment":"scroll","background-type":"","background-media":"","overlay-type":"","overlay-color":"","overlay-opacity":"","overlay-gradient":""}},"footnotes":""},"class_list":["post-123","page","type-page","status-publish","hentry"],"uagb_featured_image_src":{"full":false,"thumbnail":false,"medium":false,"medium_large":false,"large":false,"1536x1536":false,"2048x2048":false},"uagb_author_info":{"display_name":"admin","author_link":"https:\/\/samaritans-faleralaax.ch\/?author=1"},"uagb_comment_info":0,"uagb_excerpt":"Kosten Sanit\u00e4tsdienst Beim Sanit\u00e4tsdienst erhalten Verletzte und akut Erkrankte erste Hilfe und die notwendige Betreuung bis zum Eintreffen des Notarztes [&hellip;]","_links":{"self":[{"href":"https:\/\/samaritans-faleralaax.ch\/index.php?rest_route=\/wp\/v2\/pages\/123","targetHints":{"allow":["GET"]}}],"collection":[{"href":"https:\/\/samaritans-faleralaax.ch\/index.php?rest_route=\/wp\/v2\/pages"}],"about":[{"href":"https:\/\/samaritans-faleralaax.ch\/index.php?rest_route=\/wp\/v2\/types\/page"}],"author":[{"embeddable":true,"href":"https:\/\/samaritans-faleralaax.ch\/index.php?rest_route=\/wp\/v2\/users\/1"}],"replies":[{"embeddable":true,"href":"https:\/\/samaritans-faleralaax.ch\/index.php?rest_route=%2Fwp%2Fv2%2Fcomments&post=123"}],"version-history":[{"count":6,"href":"https:\/\/samaritans-faleralaax.ch\/index.php?rest_route=\/wp\/v2\/pages\/123\/revisions"}],"predecessor-version":[{"id":252,"href":"https:\/\/samaritans-faleralaax.ch\/index.php?rest_route=\/wp\/v2\/pages\/123\/revisions\/252"}],"wp:attachment":[{"href":"https:\/\/samaritans-faleralaax.ch\/index.php?rest_route=%2Fwp%2Fv2%2Fmedia&parent=123"}],"curies":[{"name":"wp","href":"https:\/\/api.w.org\/{rel}","templated":true}]}}