{"id":41,"date":"2025-11-02T21:31:55","date_gmt":"2025-11-02T21:31:55","guid":{"rendered":"https:\/\/samaritans-faleralaax.ch\/?page_id=41"},"modified":"2026-01-20T18:43:38","modified_gmt":"2026-01-20T17:43:38","slug":"verein","status":"publish","type":"page","link":"https:\/\/samaritans-faleralaax.ch\/?page_id=41","title":{"rendered":"Verein"},"content":{"rendered":"\n<br>\n\n\n\n<h2 class=\"wp-block-heading\">Vorstand<\/h2>\n\n\n\n<figure class=\"wp-block-image size-full\"><img loading=\"lazy\" decoding=\"async\" width=\"2560\" height=\"2049\" src=\"https:\/\/samaritans-faleralaax.ch\/wp-content\/uploads\/2025\/11\/vorstand-scaled.jpg\" alt=\"\" class=\"wp-image-133\" srcset=\"https:\/\/samaritans-faleralaax.ch\/wp-content\/uploads\/2025\/11\/vorstand-scaled.jpg 2560w, https:\/\/samaritans-faleralaax.ch\/wp-content\/uploads\/2025\/11\/vorstand-300x240.jpg 300w\" sizes=\"auto, (max-width: 2560px) 100vw, 2560px\" \/><\/figure>\n\n\n\n<br>\n<div class=\"vorstand\">\n  <div class=\"vorstand-person\">\n    <strong>Pr\u00e4sidentin<\/strong><br>\n    Irena Winzap Sch\u00fctz<br>\n    <a class=\"links\" href=\"mailto:info@samaritans-faleralaax.ch\">info@samaritans-faleralaax.ch<\/a><br>\n    <a class=\"links\" href=\"tel:+41792721539\">079 272 15 39<\/a>\n  <\/div>\n\n  <div class=\"vorstand-person\">\n    <strong>Vizepr\u00e4sidentin\/Aktuarin<\/strong><br>\n    Brigitta Casutt\n  <\/div>\n\n  <div class=\"vorstand-person\">\n    <strong>Samariterlehrer<\/strong><br>\n    Aziz Cheikh<br>\n    <a class=\"links\" href=\"tel:+41791269959\">079 126 99 59<\/a>\n  <\/div>\n\n  <div class=\"vorstand-person\">\n    <strong>Vereins\u00fcbungen<\/strong><br>\n    Hubert Carigiet\n  <\/div>\n\n  <div class=\"vorstand-person\">\n    <strong>Kassierin<\/strong><br>\n    Silvia Thoma\n  <\/div>\n\n  <div class=\"vorstand-person\">\n    <strong>Beisitzerin\/Events<\/strong><br>\n    Veronika Merz\n  <\/div>\n<\/div>\n\n\n\n<br>\n\n\n\n<h3 class=\"wp-block-heading\"><strong>Beschreibung\/Zweck<\/strong><\/h3>\n\n\n\n<p>\u00dcber Kurse, Vortr\u00e4ge und Schulungen der Samariter in Monats\u00fcbungen, tragen diese den Gedanken der N\u00e4chstenhilfe und der Gesundheitsvorsorge in die Bev\u00f6lkerung.<br>Wir wollen, dass Verunfallte und Erkrankte Erste Hilfe und Unterst\u00fczung erhalten. Im Ernstfalleinsatz sind wir das erste Glied der Rettungskette. Auch wollen wir die Gemeinschaft pflegen.<\/p>\n\n\n\n<h3 class=\"wp-block-heading\"><strong>Descripziun\/intent<\/strong><\/h3>\n\n\n\n<p>Ils samaritans han la pusseivladad da frequentar cuors, referats e scolaziun duront exercezis meinsils. Aschia san els sensibilisar la populaziun pigl agid pil proxim e per la prevenziun dalla sanadad. Nus vulein che persunas disgraziadas e persunas malsaunas survegnan emprem agid. En il cas d\u2019urgenza essan nus igl emprem commember da la cadaina da salvament. Nus vulein era tgirar la cuminonza.<\/p>\n\n\n\n<p>Anzahl Mitglieder \/ Diember da commembers<br>20<\/p>\n\n\n\n<p>Anzahl Ehrenmitglieder \/ Commembers d\u2019honur<br>3<\/p>\n\n\n\n<p>Gr\u00fcndungsjahr \/ Onn da fundaziun<br>1968 Laax &nbsp;&nbsp;&nbsp;&nbsp;&nbsp; Uniun samaritana \u2013 Samariterverein Laax<br>1996 Falera &nbsp;&nbsp;&nbsp; Uniun samaritana La Muota, Falera<\/p>\n\n\n\n<p>Integration \/ Integraziun<br>2022&nbsp;&nbsp;&nbsp; Samaritans Falera\/Laax<\/p>\n\n\n\n<p>Kontaktadresse<br>Samaritans Falera\/Laax<br>Irena Winzap Sch\u00fctz<br>Via Fancrengia 12<br>7153 Falera<\/p>\n\n\n\n<br>\n\n\n\n<h3 class=\"wp-block-heading\">Jahresprogramm<\/h3>\n\n\n\n<div class=\"wp-block-columns is-layout-flex wp-container-core-columns-is-layout-28f84493 wp-block-columns-is-layout-flex\">\n<div class=\"wp-block-column is-layout-flow wp-block-column-is-layout-flow\" style=\"flex-basis:25%\"><\/div>\n\n\n\n<div class=\"wp-block-column is-layout-flow wp-block-column-is-layout-flow\" style=\"flex-basis:50%\"><div class=\"simcal-calendar simcal-default-calendar simcal-default-calendar-list simcal-default-calendar-light\" data-calendar-id=\"142\" data-timezone=\"Europe\/Zurich\" data-offset=\"7200\" data-week-start=\"1\" data-calendar-start=\"1776549600\" data-calendar-end=\"1794869941\" data-events-first=\"1775583000\" data-events-last=\"1794869941\"><div class=\"simcal-calendar-list \"><nav class=\"simcal-calendar-head\">\n\t<div class=\"simcal-nav\">\n\t\t<button class=\"simcal-nav-button simcal-prev\" title=\"Previous\" aria-label=\"Previous\">\n\t\t\t<i class=\"simcal-icon-left\"><\/i>\n\t\t<\/button>\n\t<\/div>\n\t<div class=\"simcal-nav simcal-current \" data-calendar-current=\"1776549600\">\n\t\t<h3 class=\"simcal-current-label\"> <\/h3>\n\t<\/div>\n\t<div class=\"simcal-nav\">\t\t<button class=\"simcal-nav-button simcal-next\" title=\"Next\" aria-label=\"Next\">\t\t\t<i class=\"simcal-icon-right\"><\/i>\n\t\t<\/button>\n\t<\/div>\n<\/nav>\n<dl class=\"simcal-events-list-container\" data-prev=\"1745013600\" data-next=\"1808085600\" data-heading-small=\"Mai - Nov. 2026\" data-heading-large=\"Mai - November, 2026\">\t<dt class=\"simcal-day-label\" style=\"border-bottom: 1px solid #e5000b;\" ><span style=\"background-color: #e5000b; color: #ffffff;\"><span class=\"simcal-date-format\" data-date-format=\"j. F Y\">6. Mai 2026<\/span> <\/span><\/dt>\n<dd class=\"simcal-weekday-3 simcal-past simcal-day simcal-day-has-events simcal-day-has-1-events simcal-events-calendar-142\" data-events-count=\"1\">\n\t<ul class=\"simcal-events\">\n\t<li class=\"simcal-event simcal-event-has-location simcal-events-calendar-142\" style=\"\" itemscope itemtype=\"http:\/\/schema.org\/Event\" data-start=\"1778088600\">\n\t\t<div class=\"simcal-event-details\"><p><strong><span class=\"simcal-event-title\" itemprop=\"name\">Repi Stufe 2 IVR<\/span><\/strong><\/p>\n<p><span class=\"simcal-event-start simcal-event-start-date\" data-event-start=\"1778088600\" data-event-format=\"j. F Y\" itemprop=\"startDate\" content=\"2026-05-06T19:30:00+02:00\">6. Mai 2026<\/span>&nbsp;&nbsp;<span class=\"simcal-event-start simcal-event-start-time\" data-event-start=\"1778088600\" data-event-format=\"G:i\" itemprop=\"startDate\" content=\"2026-05-06T19:30:00+02:00\">19:30<\/span> - <span class=\"simcal-event-end simcal-event-end-time\" data-event-end=\"1778097600\" data-event-format=\"G:i\" itemprop=\"endDate\" content=\"2026-05-06T22:00:00+02:00\">22:00<\/span><br \/>\n <span class=\"simcal-event-address simcal-event-start-location\" itemprop=\"location\" itemscope itemtype=\"http:\/\/schema.org\/Place\"><meta itemprop=\"name\" content=\"la fermata, Falera\" \/><meta itemprop=\"address\" content=\"la fermata, Falera\" \/>la fermata, Falera<\/span><\/p>\n<div><\/div><\/div>\n\t<\/li>\n<\/ul>\n\n<\/dd>\n\t<dt class=\"simcal-day-label\" style=\"border-bottom: 1px solid #e5000b;\" ><span style=\"background-color: #e5000b; color: #ffffff;\"><span class=\"simcal-date-format\" data-date-format=\"j. F Y\">13. Juni 2026<\/span> <\/span><\/dt>\n<dd class=\"simcal-weekday-6 simcal-past simcal-day simcal-day-has-events simcal-day-has-1-events simcal-events-calendar-142\" data-events-count=\"1\">\n\t<ul class=\"simcal-events\">\n\t<li class=\"simcal-event simcal-event-has-location simcal-events-calendar-142\" style=\"\" itemscope itemtype=\"http:\/\/schema.org\/Event\" data-start=\"1781301659\">\n\t\t<div class=\"simcal-event-details\"><p><strong><span class=\"simcal-event-title\" itemprop=\"name\">Willkommens Ap\u00e9ro<\/span><\/strong><\/p>\n<p><span class=\"simcal-event-start simcal-event-start-date\" data-event-start=\"1781301659\" data-event-format=\"j. F Y\" itemprop=\"startDate\" content=\"2026-06-13T00:00:59+02:00\">13. Juni 2026<\/span><br \/>\n <span class=\"simcal-event-address simcal-event-start-location\" itemprop=\"location\" itemscope itemtype=\"http:\/\/schema.org\/Place\"><meta itemprop=\"name\" content=\"Laax\" \/><meta itemprop=\"address\" content=\"Laax\" \/>Laax<\/span><\/p>\n<div><\/div><\/div>\n\t<\/li>\n<\/ul>\n\n<\/dd>\n\t<dt class=\"simcal-day-label\" style=\"border-bottom: 1px solid #e5000b;\" ><span style=\"background-color: #e5000b; color: #ffffff;\"><span class=\"simcal-date-format\" data-date-format=\"j. F Y\">23. Juni 2026<\/span> <\/span><\/dt>\n<dd class=\"simcal-weekday-2 simcal-past simcal-day simcal-day-has-events simcal-day-has-1-events simcal-events-calendar-142\" data-events-count=\"1\">\n\t<ul class=\"simcal-events\">\n\t<li class=\"simcal-event simcal-event-has-location simcal-events-calendar-142\" style=\"\" itemscope itemtype=\"http:\/\/schema.org\/Event\" data-start=\"1782230400\">\n\t\t<div class=\"simcal-event-details\"><p><strong><span class=\"simcal-event-title\" itemprop=\"name\">\u00dcbung im Altersheim Flims mit Feuerwehr und Samariterverein Flims<\/span><\/strong><\/p>\n<p><span class=\"simcal-event-start simcal-event-start-date\" data-event-start=\"1782230400\" data-event-format=\"j. F Y\" itemprop=\"startDate\" content=\"2026-06-23T18:00:00+02:00\">23. Juni 2026<\/span>&nbsp;&nbsp;<span class=\"simcal-event-start simcal-event-start-time\" data-event-start=\"1782230400\" data-event-format=\"G:i\" itemprop=\"startDate\" content=\"2026-06-23T18:00:00+02:00\">18:00<\/span> - <span class=\"simcal-event-end simcal-event-end-time\" data-event-end=\"1782241200\" data-event-format=\"G:i\" itemprop=\"endDate\" content=\"2026-06-23T21:00:00+02:00\">21:00<\/span><br \/>\n <span class=\"simcal-event-address simcal-event-start-location\" itemprop=\"location\" itemscope itemtype=\"http:\/\/schema.org\/Place\"><meta itemprop=\"name\" content=\"Flims, Altersheim Plaids\" \/><meta itemprop=\"address\" content=\"Flims, Altersheim Plaids\" \/>Flims, Altersheim Plaids<\/span><\/p>\n<div><\/div><\/div>\n\t<\/li>\n<\/ul>\n\n<\/dd>\n\t<dt class=\"simcal-day-label\" style=\"border-bottom: 1px solid #e5000b;\" ><span style=\"background-color: #e5000b; color: #ffffff;\"><span class=\"simcal-date-format\" data-date-format=\"j. F Y\">7. Oktober 2026<\/span> <\/span><\/dt>\n<dd class=\"simcal-weekday-3 simcal-past simcal-day simcal-day-has-events simcal-day-has-1-events simcal-events-calendar-142\" data-events-count=\"1\">\n\t<ul class=\"simcal-events\">\n\t<li class=\"simcal-event simcal-event-has-location simcal-events-calendar-142\" style=\"\" itemscope itemtype=\"http:\/\/schema.org\/Event\" data-start=\"1791394200\">\n\t\t<div class=\"simcal-event-details\"><p><strong><span class=\"simcal-event-title\" itemprop=\"name\">Generalversammlung<\/span><\/strong><\/p>\n<p><span class=\"simcal-event-start simcal-event-start-date\" data-event-start=\"1791394200\" data-event-format=\"j. F Y\" itemprop=\"startDate\" content=\"2026-10-07T19:30:00+02:00\">7. Oktober 2026<\/span>&nbsp;&nbsp;<span class=\"simcal-event-start simcal-event-start-time\" data-event-start=\"1791394200\" data-event-format=\"G:i\" itemprop=\"startDate\" content=\"2026-10-07T19:30:00+02:00\">19:30<\/span> - <span class=\"simcal-event-end simcal-event-end-time\" data-event-end=\"1791403200\" data-event-format=\"G:i\" itemprop=\"endDate\" content=\"2026-10-07T22:00:00+02:00\">22:00<\/span><br \/>\n <span class=\"simcal-event-address simcal-event-start-location\" itemprop=\"location\" itemscope itemtype=\"http:\/\/schema.org\/Place\"><meta itemprop=\"name\" content=\"la fermata, Falera\" \/><meta itemprop=\"address\" content=\"la fermata, Falera\" \/>la fermata, Falera<\/span><\/p>\n<div><\/div><\/div>\n\t<\/li>\n<\/ul>\n\n<\/dd>\n\t<dt class=\"simcal-day-label\" style=\"border-bottom: 1px solid #e5000b;\" ><span style=\"background-color: #e5000b; color: #ffffff;\"><span class=\"simcal-date-format\" data-date-format=\"j. F Y\">31. Oktober 2026<\/span> <\/span><\/dt>\n<dd class=\"simcal-weekday-6 simcal-past simcal-day simcal-day-has-events simcal-day-has-1-events simcal-events-calendar-142\" data-events-count=\"1\">\n\t<ul class=\"simcal-events\">\n\t<li class=\"simcal-event simcal-events-calendar-142\" style=\"\" itemscope itemtype=\"http:\/\/schema.org\/Event\" data-start=\"1793430000\">\n\t\t<div class=\"simcal-event-details\"><p><strong><span class=\"simcal-event-title\" itemprop=\"name\">Gross\u00fcbung mit Feuerwehr<\/span><\/strong><\/p>\n<p><span class=\"simcal-event-start simcal-event-start-date\" data-event-start=\"1793430000\" data-event-format=\"j. F Y\" itemprop=\"startDate\" content=\"2026-10-31T08:00:00+01:00\">31. Oktober 2026<\/span>&nbsp;&nbsp;<span class=\"simcal-event-start simcal-event-start-time\" data-event-start=\"1793430000\" data-event-format=\"G:i\" itemprop=\"startDate\" content=\"2026-10-31T08:00:00+01:00\">8:00<\/span> - <span class=\"simcal-event-end simcal-event-end-time\" data-event-end=\"1793444400\" data-event-format=\"G:i\" itemprop=\"endDate\" content=\"2026-10-31T12:00:00+01:00\">12:00<\/span><br \/>\n <span class=\"simcal-event-address simcal-event-start-location\" itemprop=\"location\" itemscope itemtype=\"http:\/\/schema.org\/Place\"><meta itemprop=\"name\" content=\"Gross\u00fcbung mit Feuerwehr\" \/><meta itemprop=\"address\" content=\"Gross\u00fcbung mit Feuerwehr\" \/><\/span><\/p>\n<div><\/div><\/div>\n\t<\/li>\n<\/ul>\n\n<\/dd>\n\t<dt class=\"simcal-day-label\" style=\"border-bottom: 1px solid #e5000b;\" ><span style=\"background-color: #e5000b; color: #ffffff;\"><span class=\"simcal-date-format\" data-date-format=\"j. F Y\">16. November 2026<\/span> <\/span><\/dt>\n<dd class=\"simcal-weekday-1 simcal-past simcal-day simcal-day-has-events simcal-day-has-1-events simcal-events-calendar-142\" data-events-count=\"1\">\n\t<ul class=\"simcal-events\">\n\t<li class=\"simcal-event simcal-event-has-location simcal-events-calendar-142\" style=\"\" itemscope itemtype=\"http:\/\/schema.org\/Event\" data-start=\"1794783659\">\n\t\t<div class=\"simcal-event-details\"><p><strong><span class=\"simcal-event-title\" itemprop=\"name\">Vortrag<\/span><\/strong><\/p>\n<p><span class=\"simcal-event-start simcal-event-start-date\" data-event-start=\"1794783659\" data-event-format=\"j. F Y\" itemprop=\"startDate\" content=\"2026-11-16T00:00:59+01:00\">16. November 2026<\/span><br \/>\n <span class=\"simcal-event-address simcal-event-start-location\" itemprop=\"location\" itemscope itemtype=\"http:\/\/schema.org\/Place\"><meta itemprop=\"name\" content=\"la fermata, Falera\" \/><meta itemprop=\"address\" content=\"la fermata, Falera\" \/>la fermata, Falera<\/span><\/p>\n<div><\/div><\/div>\n\t<\/li>\n<\/ul>\n\n<\/dd>\n<\/dl><div class=\"simcal-ajax-loader simcal-spinner-top\" style=\"display: none;\"><i class=\"simcal-icon-spinner simcal-icon-spin\"><\/i><\/div><\/div><\/div>\n<\/div>\n\n\n\n<div class=\"wp-block-column is-layout-flow wp-block-column-is-layout-flow\" style=\"flex-basis:25%\"><\/div>\n<\/div>\n\n\n\n<p><\/p>\n","protected":false},"excerpt":{"rendered":"<p>Vorstand Pr\u00e4sidentin Irena Winzap Sch\u00fctz info@samaritans-faleralaax.ch 079 272 15 39 Vizepr\u00e4sidentin\/Aktuarin Brigitta Casutt Samariterlehrer Aziz Cheikh 079 126 99 59 [&hellip;]<\/p>\n","protected":false},"author":1,"featured_media":0,"parent":0,"menu_order":0,"comment_status":"closed","ping_status":"closed","template":"","meta":{"_uag_custom_page_level_css":"","site-sidebar-layout":"default","site-content-layout":"","ast-site-content-layout":"default","site-content-style":"default","site-sidebar-style":"default","ast-global-header-display":"","ast-banner-title-visibility":"","ast-main-header-display":"","ast-hfb-above-header-display":"","ast-hfb-below-header-display":"","ast-hfb-mobile-header-display":"","site-post-title":"disabled","ast-breadcrumbs-content":"","ast-featured-img":"","footer-sml-layout":"","ast-disable-related-posts":"","theme-transparent-header-meta":"","adv-header-id-meta":"","stick-header-meta":"","header-above-stick-meta":"","header-main-stick-meta":"","header-below-stick-meta":"","astra-migrate-meta-layouts":"default","ast-page-background-enabled":"default","ast-page-background-meta":{"desktop":{"background-color":"var(--ast-global-color-5)","background-image":"","background-repeat":"repeat","background-position":"center center","background-size":"auto","background-attachment":"scroll","background-type":"","background-media":"","overlay-type":"","overlay-color":"","overlay-opacity":"","overlay-gradient":""},"tablet":{"background-color":"","background-image":"","background-repeat":"repeat","background-position":"center center","background-size":"auto","background-attachment":"scroll","background-type":"","background-media":"","overlay-type":"","overlay-color":"","overlay-opacity":"","overlay-gradient":""},"mobile":{"background-color":"","background-image":"","background-repeat":"repeat","background-position":"center center","background-size":"auto","background-attachment":"scroll","background-type":"","background-media":"","overlay-type":"","overlay-color":"","overlay-opacity":"","overlay-gradient":""}},"ast-content-background-meta":{"desktop":{"background-color":"var(--ast-global-color-4)","background-image":"","background-repeat":"repeat","background-position":"center center","background-size":"auto","background-attachment":"scroll","background-type":"","background-media":"","overlay-type":"","overlay-color":"","overlay-opacity":"","overlay-gradient":""},"tablet":{"background-color":"var(--ast-global-color-4)","background-image":"","background-repeat":"repeat","background-position":"center center","background-size":"auto","background-attachment":"scroll","background-type":"","background-media":"","overlay-type":"","overlay-color":"","overlay-opacity":"","overlay-gradient":""},"mobile":{"background-color":"var(--ast-global-color-4)","background-image":"","background-repeat":"repeat","background-position":"center center","background-size":"auto","background-attachment":"scroll","background-type":"","background-media":"","overlay-type":"","overlay-color":"","overlay-opacity":"","overlay-gradient":""}},"footnotes":""},"class_list":["post-41","page","type-page","status-publish","hentry"],"uagb_featured_image_src":{"full":false,"thumbnail":false,"medium":false,"medium_large":false,"large":false,"1536x1536":false,"2048x2048":false},"uagb_author_info":{"display_name":"admin","author_link":"https:\/\/samaritans-faleralaax.ch\/?author=1"},"uagb_comment_info":0,"uagb_excerpt":"Vorstand Pr\u00e4sidentin Irena Winzap Sch\u00fctz info@samaritans-faleralaax.ch 079 272 15 39 Vizepr\u00e4sidentin\/Aktuarin Brigitta Casutt Samariterlehrer Aziz Cheikh 079 126 99 59 [&hellip;]","_links":{"self":[{"href":"https:\/\/samaritans-faleralaax.ch\/index.php?rest_route=\/wp\/v2\/pages\/41","targetHints":{"allow":["GET"]}}],"collection":[{"href":"https:\/\/samaritans-faleralaax.ch\/index.php?rest_route=\/wp\/v2\/pages"}],"about":[{"href":"https:\/\/samaritans-faleralaax.ch\/index.php?rest_route=\/wp\/v2\/types\/page"}],"author":[{"embeddable":true,"href":"https:\/\/samaritans-faleralaax.ch\/index.php?rest_route=\/wp\/v2\/users\/1"}],"replies":[{"embeddable":true,"href":"https:\/\/samaritans-faleralaax.ch\/index.php?rest_route=%2Fwp%2Fv2%2Fcomments&post=41"}],"version-history":[{"count":34,"href":"https:\/\/samaritans-faleralaax.ch\/index.php?rest_route=\/wp\/v2\/pages\/41\/revisions"}],"predecessor-version":[{"id":416,"href":"https:\/\/samaritans-faleralaax.ch\/index.php?rest_route=\/wp\/v2\/pages\/41\/revisions\/416"}],"wp:attachment":[{"href":"https:\/\/samaritans-faleralaax.ch\/index.php?rest_route=%2Fwp%2Fv2%2Fmedia&parent=41"}],"curies":[{"name":"wp","href":"https:\/\/api.w.org\/{rel}","templated":true}]}}