{"id":43,"date":"2025-11-02T21:32:15","date_gmt":"2025-11-02T21:32:15","guid":{"rendered":"https:\/\/samaritans-faleralaax.ch\/?page_id=43"},"modified":"2025-12-16T17:05:47","modified_gmt":"2025-12-16T17:05:47","slug":"kurse","status":"publish","type":"page","link":"https:\/\/samaritans-faleralaax.ch\/?page_id=43","title":{"rendered":"Kurse"},"content":{"rendered":"\n<br>\n\n\n\n<h2 class=\"wp-block-heading\">Kurse<\/h2>\n\n\n\n<p>Der Samariterverein Falera \/ Laax bietet ein vielseitiges Kursangebot im Bereich Erste Hilfe, Notfallhilfe und lebensrettende Sofortmassnahmen an. Unsere Kurse richten sich an Kinder, Jugendliche und Erwachsene. Ziel ist es, Menschen f\u00fcr Notfallsituationen zu sensibilisieren und ihnen die n\u00f6tige Sicherheit zu geben, um im Ernstfall richtig zu handeln.<\/p>\n\n\n\n<p>In unseren praxisnahen Erste-Hilfe-Kursen vermitteln wir fundiertes Wissen, das im Alltag, im Beruf, in der Freizeit oder im Strassenverkehr entscheidend sein kann. Die Teilnehmer lernen, Notf\u00e4lle fr\u00fchzeitig zu erkennen, Situationen korrekt einzusch\u00e4tzen und geeignete Erste-Hilfe-Massnahmen anzuwenden. Praktische \u00dcbungen und realistische Beispiele stehen dabei im Vordergrund.<\/p>\n\n\n\n<p>Ein Notfall kann jederzeit eintreten \u2013 zu Hause, beim Sport, auf der Skipiste oder unterwegs in den Bergen. Gerade in einer touristischen und alpinen Region wie Falera und Laax ist es besonders wichtig, vorbereitet zu sein. Unsere Kurse st\u00e4rken das Selbstvertrauen und geben Sicherheit, um im entscheidenden Moment ruhig und verantwortungsvoll zu handeln.<\/p>\n\n\n\n<p>Die Kurse des Samaritervereins Falera \/ Laax werden von ausgebildeten und erfahrenen Instruktorinnen und Instruktoren durchgef\u00fchrt. Die Inhalte entsprechen den aktuellen Richtlinien und werden verst\u00e4ndlich sowie zielgruppenorientiert vermittelt. Fragen der Teilnehmer werden jederzeit aufgenommen und individuell beantwortet.<\/p>\n\n\n\n<p>Unser Kursangebot umfasst unter anderem Nothilfekurse, BLS-AED-Schulungen, Auffrischungskurse sowie weitere Erste-Hilfe-Angebote f\u00fcr Privatpersonen, Schulen, Vereine und Unternehmen in der Region. Detaillierte Informationen zu den einzelnen Kursen finden Sie auf dieser Seite.<\/p>\n\n\n\n<p>Haben Sie Interesse an einem Kurs oder m\u00f6chten Sie sich anmelden? Nutzen Sie einfach unser <a href=\"https:\/\/samaritans-faleralaax.ch\/?page_id=49\" data-type=\"page\" data-id=\"49\" class=\"links\">Kontaktformular<\/a> \u2013 wir freuen uns auf Ihre Anfrage und darauf, Sie in einem unserer Kurse in Falera oder Laax begr\u00fcssen zu d\u00fcrfen.<\/p>\n\n\n\n<div class=\"wp-block-uagb-slider uagb-block-8d820a21 uagb-slider-container\"><div class=\"uagb-slides uagb-swiper\"><div class=\"swiper-wrapper\">\n<div class=\"wp-block-uagb-slider-child uagb-slider-child-wrap swiper-slide uagb-block-4ce2e2db\"><div class=\"swiper-content\">\n<div class=\"wp-block-uagb-container uagb-block-59c4af12 alignfull uagb-is-root-container\"><div class=\"uagb-container-inner-blocks-wrap\">\n<figure class=\"wp-block-image aligncenter size-large\"><img loading=\"lazy\" decoding=\"async\" width=\"1024\" height=\"683\" src=\"https:\/\/samaritans-faleralaax.ch\/wp-content\/uploads\/2025\/12\/fwUebung-1024x683.jpg\" alt=\"\" class=\"wp-image-218\" srcset=\"https:\/\/samaritans-faleralaax.ch\/wp-content\/uploads\/2025\/12\/fwUebung-1024x683.jpg 1024w, https:\/\/samaritans-faleralaax.ch\/wp-content\/uploads\/2025\/12\/fwUebung-300x200.jpg 300w, https:\/\/samaritans-faleralaax.ch\/wp-content\/uploads\/2025\/12\/fwUebung-768x512.jpg 768w, https:\/\/samaritans-faleralaax.ch\/wp-content\/uploads\/2025\/12\/fwUebung.jpg 1500w\" sizes=\"auto, (max-width: 1024px) 100vw, 1024px\" \/><\/figure>\n<\/div><\/div>\n<\/div><\/div>\n\n\n\n<div class=\"wp-block-uagb-slider-child uagb-slider-child-wrap swiper-slide uagb-block-506769e0\"><div class=\"swiper-content\">\n<div class=\"wp-block-uagb-container uagb-block-6ac959e2 alignfull uagb-is-root-container\"><div class=\"uagb-container-inner-blocks-wrap\">\n<figure class=\"wp-block-image aligncenter size-large\"><img loading=\"lazy\" decoding=\"async\" width=\"915\" height=\"1024\" src=\"https:\/\/samaritans-faleralaax.ch\/wp-content\/uploads\/2025\/12\/samuebung-e1765719139732-915x1024.jpg\" alt=\"\" class=\"wp-image-219\" srcset=\"https:\/\/samaritans-faleralaax.ch\/wp-content\/uploads\/2025\/12\/samuebung-e1765719139732-915x1024.jpg 915w, https:\/\/samaritans-faleralaax.ch\/wp-content\/uploads\/2025\/12\/samuebung-e1765719139732-268x300.jpg 268w, https:\/\/samaritans-faleralaax.ch\/wp-content\/uploads\/2025\/12\/samuebung-e1765719139732-768x860.jpg 768w, https:\/\/samaritans-faleralaax.ch\/wp-content\/uploads\/2025\/12\/samuebung-e1765719139732-1372x1536.jpg 1372w, https:\/\/samaritans-faleralaax.ch\/wp-content\/uploads\/2025\/12\/samuebung-e1765719139732.jpg 1512w\" sizes=\"auto, (max-width: 915px) 100vw, 915px\" \/><\/figure>\n<\/div><\/div>\n<\/div><\/div>\n\n\n\n<div class=\"wp-block-uagb-slider-child uagb-slider-child-wrap swiper-slide uagb-block-b2614198\"><div class=\"swiper-content\">\n<div class=\"wp-block-uagb-container uagb-block-ac5bbeba alignfull uagb-is-root-container\"><div class=\"uagb-container-inner-blocks-wrap\">\n<figure class=\"wp-block-image aligncenter size-full\"><img loading=\"lazy\" decoding=\"async\" width=\"640\" height=\"480\" src=\"https:\/\/samaritans-faleralaax.ch\/wp-content\/uploads\/2025\/12\/uebungmitfw.jpeg\" alt=\"\" class=\"wp-image-220\" srcset=\"https:\/\/samaritans-faleralaax.ch\/wp-content\/uploads\/2025\/12\/uebungmitfw.jpeg 640w, https:\/\/samaritans-faleralaax.ch\/wp-content\/uploads\/2025\/12\/uebungmitfw-300x225.jpeg 300w\" sizes=\"auto, (max-width: 640px) 100vw, 640px\" \/><\/figure>\n<\/div><\/div>\n<\/div><\/div>\n<\/div><\/div><div class=\"swiper-pagination\"><\/div><div class=\"swiper-button-prev\"><\/div><div class=\"swiper-button-next\"><\/div><\/div>\n\n\n\n<br>\n\n\n\n<p><\/p>\n","protected":false},"excerpt":{"rendered":"<p>Kurse Der Samariterverein Falera \/ Laax bietet ein vielseitiges Kursangebot im Bereich Erste Hilfe, Notfallhilfe und lebensrettende Sofortmassnahmen an. Unsere [&hellip;]<\/p>\n","protected":false},"author":1,"featured_media":0,"parent":0,"menu_order":0,"comment_status":"closed","ping_status":"closed","template":"","meta":{"_uag_custom_page_level_css":"","site-sidebar-layout":"default","site-content-layout":"","ast-site-content-layout":"default","site-content-style":"default","site-sidebar-style":"default","ast-global-header-display":"","ast-banner-title-visibility":"","ast-main-header-display":"","ast-hfb-above-header-display":"","ast-hfb-below-header-display":"","ast-hfb-mobile-header-display":"","site-post-title":"disabled","ast-breadcrumbs-content":"","ast-featured-img":"","footer-sml-layout":"","ast-disable-related-posts":"","theme-transparent-header-meta":"","adv-header-id-meta":"","stick-header-meta":"","header-above-stick-meta":"","header-main-stick-meta":"","header-below-stick-meta":"","astra-migrate-meta-layouts":"default","ast-page-background-enabled":"default","ast-page-background-meta":{"desktop":{"background-color":"var(--ast-global-color-5)","background-image":"","background-repeat":"repeat","background-position":"center center","background-size":"auto","background-attachment":"scroll","background-type":"","background-media":"","overlay-type":"","overlay-color":"","overlay-opacity":"","overlay-gradient":""},"tablet":{"background-color":"","background-image":"","background-repeat":"repeat","background-position":"center center","background-size":"auto","background-attachment":"scroll","background-type":"","background-media":"","overlay-type":"","overlay-color":"","overlay-opacity":"","overlay-gradient":""},"mobile":{"background-color":"","background-image":"","background-repeat":"repeat","background-position":"center center","background-size":"auto","background-attachment":"scroll","background-type":"","background-media":"","overlay-type":"","overlay-color":"","overlay-opacity":"","overlay-gradient":""}},"ast-content-background-meta":{"desktop":{"background-color":"var(--ast-global-color-4)","background-image":"","background-repeat":"repeat","background-position":"center center","background-size":"auto","background-attachment":"scroll","background-type":"","background-media":"","overlay-type":"","overlay-color":"","overlay-opacity":"","overlay-gradient":""},"tablet":{"background-color":"var(--ast-global-color-4)","background-image":"","background-repeat":"repeat","background-position":"center center","background-size":"auto","background-attachment":"scroll","background-type":"","background-media":"","overlay-type":"","overlay-color":"","overlay-opacity":"","overlay-gradient":""},"mobile":{"background-color":"var(--ast-global-color-4)","background-image":"","background-repeat":"repeat","background-position":"center center","background-size":"auto","background-attachment":"scroll","background-type":"","background-media":"","overlay-type":"","overlay-color":"","overlay-opacity":"","overlay-gradient":""}},"footnotes":""},"class_list":["post-43","page","type-page","status-publish","hentry"],"uagb_featured_image_src":{"full":false,"thumbnail":false,"medium":false,"medium_large":false,"large":false,"1536x1536":false,"2048x2048":false},"uagb_author_info":{"display_name":"admin","author_link":"https:\/\/samaritans-faleralaax.ch\/?author=1"},"uagb_comment_info":0,"uagb_excerpt":"Kurse Der Samariterverein Falera \/ Laax bietet ein vielseitiges Kursangebot im Bereich Erste Hilfe, Notfallhilfe und lebensrettende Sofortmassnahmen an. Unsere [&hellip;]","_links":{"self":[{"href":"https:\/\/samaritans-faleralaax.ch\/index.php?rest_route=\/wp\/v2\/pages\/43","targetHints":{"allow":["GET"]}}],"collection":[{"href":"https:\/\/samaritans-faleralaax.ch\/index.php?rest_route=\/wp\/v2\/pages"}],"about":[{"href":"https:\/\/samaritans-faleralaax.ch\/index.php?rest_route=\/wp\/v2\/types\/page"}],"author":[{"embeddable":true,"href":"https:\/\/samaritans-faleralaax.ch\/index.php?rest_route=\/wp\/v2\/users\/1"}],"replies":[{"embeddable":true,"href":"https:\/\/samaritans-faleralaax.ch\/index.php?rest_route=%2Fwp%2Fv2%2Fcomments&post=43"}],"version-history":[{"count":12,"href":"https:\/\/samaritans-faleralaax.ch\/index.php?rest_route=\/wp\/v2\/pages\/43\/revisions"}],"predecessor-version":[{"id":271,"href":"https:\/\/samaritans-faleralaax.ch\/index.php?rest_route=\/wp\/v2\/pages\/43\/revisions\/271"}],"wp:attachment":[{"href":"https:\/\/samaritans-faleralaax.ch\/index.php?rest_route=%2Fwp%2Fv2%2Fmedia&parent=43"}],"curies":[{"name":"wp","href":"https:\/\/api.w.org\/{rel}","templated":true}]}}