{"id":45,"date":"2025-11-02T21:32:35","date_gmt":"2025-11-02T21:32:35","guid":{"rendered":"https:\/\/samaritans-faleralaax.ch\/?page_id=45"},"modified":"2025-12-15T16:38:18","modified_gmt":"2025-12-15T16:38:18","slug":"sanitaetsdienst","status":"publish","type":"page","link":"https:\/\/samaritans-faleralaax.ch\/?page_id=45","title":{"rendered":"Sanit\u00e4tsdienst"},"content":{"rendered":"\n<br>\n\n\n\n<h2 class=\"wp-block-heading\">Sanit\u00e4tsdienst<\/h2>\n\n\n\n<h3 class=\"wp-block-heading\">Sie organisieren einen Anlass und ben\u00f6tigen einen zuverl\u00e4ssigen Sanit\u00e4tsdienst?<\/h3>\n\n\n\n<p>Dann sind Sie bei uns genau richtig! Wir stellen Ihnen gerne ein individuell angepasstes Angebot f\u00fcr die professionelle sanit\u00e4tsdienstliche Betreuung Ihrer Veranstaltung zusammen.<\/p>\n\n\n\n<h4 class=\"wp-block-heading\">So gehen Sie vor:<\/h4>\n\n\n\n<p>\u00dcber den Button \u201eAnfrage Offerte\u201c k\u00f6nnen Sie ganz einfach Ihre Anfrage starten. Bitte f\u00fcllen Sie das Formular so vollst\u00e4ndig und pr\u00e4zise wie m\u00f6glich aus \u2013 je genauer Ihre Angaben sind, desto besser k\u00f6nnen wir die notwendigen Massnahmen planen.<\/p>\n\n\n\n<h4 class=\"wp-block-heading\">Kosten Sanit\u00e4tsdienst<\/h4>\n\n\n\n<p>Beim Sanit\u00e4tsdienst erhalten Verletzte und akut Erkrankte erste Hilfe und die notwendige Betreuung.<\/p>\n\n\n\n<div class=\"wp-block-columns is-layout-flex wp-container-core-columns-is-layout-28f84493 wp-block-columns-is-layout-flex\">\n<div class=\"wp-block-column is-layout-flow wp-block-column-is-layout-flow\"><\/div>\n\n\n\n<div class=\"wp-block-column is-layout-flow wp-block-column-is-layout-flow\">\n<div class=\"wp-block-buttons button-offerte is-content-justification-center is-layout-flex wp-container-core-buttons-is-layout-a89b3969 wp-block-buttons-is-layout-flex\">\n<div class=\"wp-block-button is-style-fill\"><a class=\"wp-block-button__link has-vivid-red-background-color has-background wp-element-button\" href=\"https:\/\/samaritans-faleralaax.ch\/?page_id=123\">Kosten Sanit\u00e4tsdienst<\/a><\/div>\n<\/div>\n<\/div>\n\n\n\n<div class=\"wp-block-column is-layout-flow wp-block-column-is-layout-flow\"><\/div>\n<\/div>\n\n\n\n<h2 class=\"wp-block-heading\">Aktuell gebuchte Sanit\u00e4tsdienste<\/h2>\n\n\n\n<div class=\"wp-block-columns is-layout-flex wp-container-core-columns-is-layout-28f84493 wp-block-columns-is-layout-flex\">\n<div class=\"wp-block-column is-layout-flow wp-block-column-is-layout-flow\" style=\"flex-basis:25%\"><\/div>\n\n\n\n<div class=\"wp-block-column is-layout-flow wp-block-column-is-layout-flow\" style=\"flex-basis:50%\"><div class=\"simcal-calendar simcal-default-calendar simcal-default-calendar-list simcal-default-calendar-light\" data-calendar-id=\"96\" data-timezone=\"Europe\/Zurich\" data-offset=\"7200\" data-week-start=\"1\" data-calendar-start=\"1776463200\" data-calendar-end=\"1791644400\" data-events-first=\"1784361600\" data-events-last=\"1791644400\"><div class=\"simcal-calendar-list \"><nav class=\"simcal-calendar-head\">\n\t<div class=\"simcal-nav\">\n\t\t<button class=\"simcal-nav-button simcal-prev\" title=\"Previous\" aria-label=\"Previous\">\n\t\t\t<i class=\"simcal-icon-left\"><\/i>\n\t\t<\/button>\n\t<\/div>\n\t<div class=\"simcal-nav simcal-current \" data-calendar-current=\"1776463200\">\n\t\t<h3 class=\"simcal-current-label\"> <\/h3>\n\t<\/div>\n\t<div class=\"simcal-nav\">\t\t<button class=\"simcal-nav-button simcal-next\" title=\"Next\" aria-label=\"Next\">\t\t\t<i class=\"simcal-icon-right\"><\/i>\n\t\t<\/button>\n\t<\/div>\n<\/nav>\n<dl class=\"simcal-events-list-container\" data-prev=\"1744927200\" data-next=\"1807999200\" data-heading-small=\"Juli - Okt. 2026\" data-heading-large=\"Juli - Oktober, 2026\">\t<dt class=\"simcal-day-label\" style=\"border-bottom: 1px solid #e5000b;\" ><span style=\"background-color: #e5000b; color: #ffffff;\"><span class=\"simcal-date-format\" data-date-format=\"j. F Y\">18. Juli 2026<\/span> <\/span><\/dt>\n<dd class=\"simcal-weekday-6 simcal-past simcal-day simcal-day-has-events simcal-day-has-1-events simcal-events-calendar-96\" data-events-count=\"1\">\n\t<ul class=\"simcal-events\">\n\t<li class=\"simcal-event simcal-event-has-location simcal-events-calendar-96\" style=\"\" itemscope itemtype=\"http:\/\/schema.org\/Event\" data-start=\"1784361600\">\n\t\t<div class=\"simcal-event-details\"><p><strong><span class=\"simcal-event-title\" itemprop=\"name\">Kinderfest<\/span><\/strong><\/p>\n<p><span class=\"simcal-event-start simcal-event-start-date\" data-event-start=\"1784361600\" data-event-format=\"j. F Y\" itemprop=\"startDate\" content=\"2026-07-18T10:00:00+02:00\">18. Juli 2026<\/span>&nbsp;&nbsp;<span class=\"simcal-event-start simcal-event-start-time\" data-event-start=\"1784361600\" data-event-format=\"G:i\" itemprop=\"startDate\" content=\"2026-07-18T10:00:00+02:00\">10:00<\/span> - <span class=\"simcal-event-end simcal-event-end-time\" data-event-end=\"1784386800\" data-event-format=\"G:i\" itemprop=\"endDate\" content=\"2026-07-18T17:00:00+02:00\">17:00<\/span><br \/>\n <span class=\"simcal-event-address simcal-event-start-location\" itemprop=\"location\" itemscope itemtype=\"http:\/\/schema.org\/Place\"><meta itemprop=\"name\" content=\"Laax\" \/><meta itemprop=\"address\" content=\"Laax\" \/>Laax<\/span><\/p>\n<p>&nbsp;<\/p><\/div>\n\t<\/li>\n<\/ul>\n\n<\/dd>\n\t<dt class=\"simcal-day-label\" style=\"border-bottom: 1px solid #e5000b;\" ><span style=\"background-color: #e5000b; color: #ffffff;\"><span class=\"simcal-date-format\" data-date-format=\"j. F Y\">19. Juli 2026<\/span> <\/span><\/dt>\n<dd class=\"simcal-weekday-0 simcal-past simcal-day simcal-day-has-events simcal-day-has-1-events simcal-events-calendar-96\" data-events-count=\"1\">\n\t<ul class=\"simcal-events\">\n\t<li class=\"simcal-event simcal-event-has-location simcal-events-calendar-96\" style=\"\" itemscope itemtype=\"http:\/\/schema.org\/Event\" data-start=\"1784448000\">\n\t\t<div class=\"simcal-event-details\"><p><strong><span class=\"simcal-event-title\" itemprop=\"name\">Kinderfest<\/span><\/strong><\/p>\n<p><span class=\"simcal-event-start simcal-event-start-date\" data-event-start=\"1784448000\" data-event-format=\"j. F Y\" itemprop=\"startDate\" content=\"2026-07-19T10:00:00+02:00\">19. Juli 2026<\/span>&nbsp;&nbsp;<span class=\"simcal-event-start simcal-event-start-time\" data-event-start=\"1784448000\" data-event-format=\"G:i\" itemprop=\"startDate\" content=\"2026-07-19T10:00:00+02:00\">10:00<\/span> - <span class=\"simcal-event-end simcal-event-end-time\" data-event-end=\"1784473200\" data-event-format=\"G:i\" itemprop=\"endDate\" content=\"2026-07-19T17:00:00+02:00\">17:00<\/span><br \/>\n <span class=\"simcal-event-address simcal-event-start-location\" itemprop=\"location\" itemscope itemtype=\"http:\/\/schema.org\/Place\"><meta itemprop=\"name\" content=\"Laax\" \/><meta itemprop=\"address\" content=\"Laax\" \/>Laax<\/span><\/p>\n<p>&nbsp;<\/p><\/div>\n\t<\/li>\n<\/ul>\n\n<\/dd>\n\t<dt class=\"simcal-day-label\" style=\"border-bottom: 1px solid #e5000b;\" ><span style=\"background-color: #e5000b; color: #ffffff;\"><span class=\"simcal-date-format\" data-date-format=\"j. F Y\">25. Juli 2026<\/span> <\/span><\/dt>\n<dd class=\"simcal-weekday-6 simcal-past simcal-day simcal-day-has-events simcal-day-has-1-events simcal-events-calendar-96\" data-events-count=\"1\">\n\t<ul class=\"simcal-events\">\n\t<li class=\"simcal-event simcal-event-has-location simcal-events-calendar-96\" style=\"\" itemscope itemtype=\"http:\/\/schema.org\/Event\" data-start=\"1784966400\">\n\t\t<div class=\"simcal-event-details\"><p><strong><span class=\"simcal-event-title\" itemprop=\"name\">Dorfmarkt<\/span><\/strong><\/p>\n<p><span class=\"simcal-event-start simcal-event-start-date\" data-event-start=\"1784966400\" data-event-format=\"j. F Y\" itemprop=\"startDate\" content=\"2026-07-25T10:00:00+02:00\">25. Juli 2026<\/span>&nbsp;&nbsp;<span class=\"simcal-event-start simcal-event-start-time\" data-event-start=\"1784966400\" data-event-format=\"G:i\" itemprop=\"startDate\" content=\"2026-07-25T10:00:00+02:00\">10:00<\/span> - <span class=\"simcal-event-end simcal-event-end-time\" data-event-end=\"1784998800\" data-event-format=\"G:i\" itemprop=\"endDate\" content=\"2026-07-25T19:00:00+02:00\">19:00<\/span><br \/>\n <span class=\"simcal-event-address simcal-event-start-location\" itemprop=\"location\" itemscope itemtype=\"http:\/\/schema.org\/Place\"><meta itemprop=\"name\" content=\"Laax\" \/><meta itemprop=\"address\" content=\"Laax\" \/>Laax<\/span><\/p>\n<p>&nbsp;<\/p><\/div>\n\t<\/li>\n<\/ul>\n\n<\/dd>\n\t<dt class=\"simcal-day-label\" style=\"border-bottom: 1px solid #e5000b;\" ><span style=\"background-color: #e5000b; color: #ffffff;\"><span class=\"simcal-date-format\" data-date-format=\"j. F Y\">2. August 2026<\/span> <\/span><\/dt>\n<dd class=\"simcal-weekday-0 simcal-past simcal-day simcal-day-has-events simcal-day-has-1-events simcal-events-calendar-96\" data-events-count=\"1\">\n\t<ul class=\"simcal-events\">\n\t<li class=\"simcal-event simcal-event-has-location simcal-events-calendar-96\" style=\"\" itemscope itemtype=\"http:\/\/schema.org\/Event\" data-start=\"1785621659\">\n\t\t<div class=\"simcal-event-details\"><p><strong><span class=\"simcal-event-title\" itemprop=\"name\">Klapperlapapp<\/span><\/strong><\/p>\n<p><span class=\"simcal-event-start simcal-event-start-date\" data-event-start=\"1785621659\" data-event-format=\"j. F Y\" itemprop=\"startDate\" content=\"2026-08-02T00:00:59+02:00\">2. August 2026<\/span><br \/>\n <span class=\"simcal-event-address simcal-event-start-location\" itemprop=\"location\" itemscope itemtype=\"http:\/\/schema.org\/Place\"><meta itemprop=\"name\" content=\"Falera\" \/><meta itemprop=\"address\" content=\"Falera\" \/>Falera<\/span><\/p>\n<p>&nbsp;<\/p><\/div>\n\t<\/li>\n<\/ul>\n\n<\/dd>\n\t<dt class=\"simcal-day-label\" style=\"border-bottom: 1px solid #e5000b;\" ><span style=\"background-color: #e5000b; color: #ffffff;\"><span class=\"simcal-date-format\" data-date-format=\"j. F Y\">10. Oktober 2026<\/span> <\/span><\/dt>\n<dd class=\"simcal-weekday-6 simcal-past simcal-day simcal-day-has-events simcal-day-has-1-events simcal-events-calendar-96\" data-events-count=\"1\">\n\t<ul class=\"simcal-events\">\n\t<li class=\"simcal-event simcal-event-has-location simcal-events-calendar-96\" style=\"\" itemscope itemtype=\"http:\/\/schema.org\/Event\" data-start=\"1791636300\">\n\t\t<div class=\"simcal-event-details\"><p><strong><span class=\"simcal-event-title\" itemprop=\"name\">Herbstmarkt<\/span><\/strong><\/p>\n<p><span class=\"simcal-event-start simcal-event-start-date\" data-event-start=\"1791636300\" data-event-format=\"j. F Y\" itemprop=\"startDate\" content=\"2026-10-10T14:45:00+02:00\">10. Oktober 2026<\/span>&nbsp;&nbsp;<span class=\"simcal-event-start simcal-event-start-time\" data-event-start=\"1791636300\" data-event-format=\"G:i\" itemprop=\"startDate\" content=\"2026-10-10T14:45:00+02:00\">14:45<\/span> - <span class=\"simcal-event-end simcal-event-end-time\" data-event-end=\"1791644400\" data-event-format=\"G:i\" itemprop=\"endDate\" content=\"2026-10-10T17:00:00+02:00\">17:00<\/span><br \/>\n <span class=\"simcal-event-address simcal-event-start-location\" itemprop=\"location\" itemscope itemtype=\"http:\/\/schema.org\/Place\"><meta itemprop=\"name\" content=\"Laax Murschetg\" \/><meta itemprop=\"address\" content=\"Laax Murschetg\" \/>Laax Murschetg<\/span><\/p>\n<p>&nbsp;<\/p><\/div>\n\t<\/li>\n<\/ul>\n\n<\/dd>\n<\/dl><div class=\"simcal-ajax-loader simcal-spinner-top\" style=\"display: none;\"><i class=\"simcal-icon-spinner simcal-icon-spin\"><\/i><\/div><\/div><\/div>\n<\/div>\n\n\n\n<div class=\"wp-block-column is-layout-flow wp-block-column-is-layout-flow\" style=\"flex-basis:25%\"><\/div>\n<\/div>\n","protected":false},"excerpt":{"rendered":"<p>Sanit\u00e4tsdienst Sie organisieren einen Anlass und ben\u00f6tigen einen zuverl\u00e4ssigen Sanit\u00e4tsdienst? Dann sind Sie bei uns genau richtig! Wir stellen Ihnen [&hellip;]<\/p>\n","protected":false},"author":1,"featured_media":0,"parent":0,"menu_order":0,"comment_status":"closed","ping_status":"closed","template":"","meta":{"_uag_custom_page_level_css":"","site-sidebar-layout":"default","site-content-layout":"","ast-site-content-layout":"default","site-content-style":"default","site-sidebar-style":"default","ast-global-header-display":"","ast-banner-title-visibility":"","ast-main-header-display":"","ast-hfb-above-header-display":"","ast-hfb-below-header-display":"","ast-hfb-mobile-header-display":"","site-post-title":"disabled","ast-breadcrumbs-content":"","ast-featured-img":"","footer-sml-layout":"","ast-disable-related-posts":"","theme-transparent-header-meta":"","adv-header-id-meta":"","stick-header-meta":"","header-above-stick-meta":"","header-main-stick-meta":"","header-below-stick-meta":"","astra-migrate-meta-layouts":"default","ast-page-background-enabled":"default","ast-page-background-meta":{"desktop":{"background-color":"var(--ast-global-color-5)","background-image":"","background-repeat":"repeat","background-position":"center center","background-size":"auto","background-attachment":"scroll","background-type":"","background-media":"","overlay-type":"","overlay-color":"","overlay-opacity":"","overlay-gradient":""},"tablet":{"background-color":"","background-image":"","background-repeat":"repeat","background-position":"center center","background-size":"auto","background-attachment":"scroll","background-type":"","background-media":"","overlay-type":"","overlay-color":"","overlay-opacity":"","overlay-gradient":""},"mobile":{"background-color":"","background-image":"","background-repeat":"repeat","background-position":"center center","background-size":"auto","background-attachment":"scroll","background-type":"","background-media":"","overlay-type":"","overlay-color":"","overlay-opacity":"","overlay-gradient":""}},"ast-content-background-meta":{"desktop":{"background-color":"var(--ast-global-color-4)","background-image":"","background-repeat":"repeat","background-position":"center center","background-size":"auto","background-attachment":"scroll","background-type":"","background-media":"","overlay-type":"","overlay-color":"","overlay-opacity":"","overlay-gradient":""},"tablet":{"background-color":"var(--ast-global-color-4)","background-image":"","background-repeat":"repeat","background-position":"center center","background-size":"auto","background-attachment":"scroll","background-type":"","background-media":"","overlay-type":"","overlay-color":"","overlay-opacity":"","overlay-gradient":""},"mobile":{"background-color":"var(--ast-global-color-4)","background-image":"","background-repeat":"repeat","background-position":"center center","background-size":"auto","background-attachment":"scroll","background-type":"","background-media":"","overlay-type":"","overlay-color":"","overlay-opacity":"","overlay-gradient":""}},"footnotes":""},"class_list":["post-45","page","type-page","status-publish","hentry"],"uagb_featured_image_src":{"full":false,"thumbnail":false,"medium":false,"medium_large":false,"large":false,"1536x1536":false,"2048x2048":false},"uagb_author_info":{"display_name":"admin","author_link":"https:\/\/samaritans-faleralaax.ch\/?author=1"},"uagb_comment_info":0,"uagb_excerpt":"Sanit\u00e4tsdienst Sie organisieren einen Anlass und ben\u00f6tigen einen zuverl\u00e4ssigen Sanit\u00e4tsdienst? Dann sind Sie bei uns genau richtig! Wir stellen Ihnen [&hellip;]","_links":{"self":[{"href":"https:\/\/samaritans-faleralaax.ch\/index.php?rest_route=\/wp\/v2\/pages\/45","targetHints":{"allow":["GET"]}}],"collection":[{"href":"https:\/\/samaritans-faleralaax.ch\/index.php?rest_route=\/wp\/v2\/pages"}],"about":[{"href":"https:\/\/samaritans-faleralaax.ch\/index.php?rest_route=\/wp\/v2\/types\/page"}],"author":[{"embeddable":true,"href":"https:\/\/samaritans-faleralaax.ch\/index.php?rest_route=\/wp\/v2\/users\/1"}],"replies":[{"embeddable":true,"href":"https:\/\/samaritans-faleralaax.ch\/index.php?rest_route=%2Fwp%2Fv2%2Fcomments&post=45"}],"version-history":[{"count":9,"href":"https:\/\/samaritans-faleralaax.ch\/index.php?rest_route=\/wp\/v2\/pages\/45\/revisions"}],"predecessor-version":[{"id":251,"href":"https:\/\/samaritans-faleralaax.ch\/index.php?rest_route=\/wp\/v2\/pages\/45\/revisions\/251"}],"wp:attachment":[{"href":"https:\/\/samaritans-faleralaax.ch\/index.php?rest_route=%2Fwp%2Fv2%2Fmedia&parent=45"}],"curies":[{"name":"wp","href":"https:\/\/api.w.org\/{rel}","templated":true}]}}