{"id":47,"date":"2025-11-02T21:32:52","date_gmt":"2025-11-02T21:32:52","guid":{"rendered":"https:\/\/samaritans-faleralaax.ch\/?page_id=47"},"modified":"2025-12-16T17:12:57","modified_gmt":"2025-12-16T17:12:57","slug":"erste-hilfe","status":"publish","type":"page","link":"https:\/\/samaritans-faleralaax.ch\/?page_id=47","title":{"rendered":"Erste Hilfe"},"content":{"rendered":"\n<br>\n\n\n\n<h2 class=\"wp-block-heading\">Notfallmeldung<\/h2>\n\n\n\n<p>Inhalt einer Notfallmeldung:<\/p>\n\n\n\n<dl class=\"notfall-liste\">\n  <dt>Wo<\/dt>\n  <dd>hat sich der Unfall ereignet?<br>\n  Genauer Ort, Strasse, Hausnummer, Stockwerk, Fahrtrichtung auf Autobahnen, Autobahnkilometer, etc.<\/dd>\n\n  <dt>Wer<\/dt>\n  <dd>telefoniert?<br>\n  Melden Sie sich mit ihrem Namen.<\/dd>\n\n  <dt>Was<\/dt>\n  <dd>ist geschehen?<br>\n  Beschreiben sie kurz die Notfallsituation. Die Rettungs-Leitstelle muss erkennen, welche weiteren Massnahmen eingeleitet werden m\u00fcssen. (REGA, Feuerwehr, etc.)<\/dd>\n\n  <dt>Wann<\/dt>\n  <dd>ist es passiert?<br>\n  Falls sie es wissen geben sie die Unfallzeit an.<\/dd>\n\n  <dt>Wie viele<\/dt>\n  <dd>Personen sind verletzt?<br>\n  Wie viele Verletzte sind zu versorgen, welche Verletzungen oder Krankheitszeichen haben die Betroffenen, sind Personen in lebensgef\u00e4hrlichem Zustand? Diese Angaben sind sehr wichtig, um gen\u00fcgend Fahrzeuge und Personal einsetzen zu k\u00f6nnen.<\/dd>\n\n  <dt>Weiteres<\/dt>\n  <dd>Wichtiges<br>\n  Geben Sie besondere Umst\u00e4nde bekannt, z.B. vollst\u00e4ndig blockierte Strassen, Benzin l\u00e4uft aus, eingeklemmte Personen, einweisende Personen, etc.<\/dd>\n\n  <dt>R\u00fcckmeldung<\/dt>\n  <dd>Teilen Sie dem Patienten mit, dass Sie die Notrufnummer gew\u00e4hlt haben und Hilfe unterwegs ist.<\/dd>\n<\/dl>\n<br>\n<br>\n","protected":false},"excerpt":{"rendered":"<p>Notfallmeldung Inhalt einer Notfallmeldung: Wo hat sich der Unfall ereignet? Genauer Ort, Strasse, Hausnummer, Stockwerk, Fahrtrichtung auf Autobahnen, Autobahnkilometer, etc. [&hellip;]<\/p>\n","protected":false},"author":1,"featured_media":0,"parent":0,"menu_order":0,"comment_status":"closed","ping_status":"closed","template":"","meta":{"_uag_custom_page_level_css":"","site-sidebar-layout":"default","site-content-layout":"","ast-site-content-layout":"default","site-content-style":"default","site-sidebar-style":"default","ast-global-header-display":"","ast-banner-title-visibility":"","ast-main-header-display":"","ast-hfb-above-header-display":"","ast-hfb-below-header-display":"","ast-hfb-mobile-header-display":"","site-post-title":"disabled","ast-breadcrumbs-content":"","ast-featured-img":"","footer-sml-layout":"","ast-disable-related-posts":"","theme-transparent-header-meta":"","adv-header-id-meta":"","stick-header-meta":"","header-above-stick-meta":"","header-main-stick-meta":"","header-below-stick-meta":"","astra-migrate-meta-layouts":"default","ast-page-background-enabled":"default","ast-page-background-meta":{"desktop":{"background-color":"var(--ast-global-color-5)","background-image":"","background-repeat":"repeat","background-position":"center center","background-size":"auto","background-attachment":"scroll","background-type":"","background-media":"","overlay-type":"","overlay-color":"","overlay-opacity":"","overlay-gradient":""},"tablet":{"background-color":"","background-image":"","background-repeat":"repeat","background-position":"center center","background-size":"auto","background-attachment":"scroll","background-type":"","background-media":"","overlay-type":"","overlay-color":"","overlay-opacity":"","overlay-gradient":""},"mobile":{"background-color":"","background-image":"","background-repeat":"repeat","background-position":"center center","background-size":"auto","background-attachment":"scroll","background-type":"","background-media":"","overlay-type":"","overlay-color":"","overlay-opacity":"","overlay-gradient":""}},"ast-content-background-meta":{"desktop":{"background-color":"var(--ast-global-color-4)","background-image":"","background-repeat":"repeat","background-position":"center center","background-size":"auto","background-attachment":"scroll","background-type":"","background-media":"","overlay-type":"","overlay-color":"","overlay-opacity":"","overlay-gradient":""},"tablet":{"background-color":"var(--ast-global-color-4)","background-image":"","background-repeat":"repeat","background-position":"center center","background-size":"auto","background-attachment":"scroll","background-type":"","background-media":"","overlay-type":"","overlay-color":"","overlay-opacity":"","overlay-gradient":""},"mobile":{"background-color":"var(--ast-global-color-4)","background-image":"","background-repeat":"repeat","background-position":"center center","background-size":"auto","background-attachment":"scroll","background-type":"","background-media":"","overlay-type":"","overlay-color":"","overlay-opacity":"","overlay-gradient":""}},"footnotes":""},"class_list":["post-47","page","type-page","status-publish","hentry"],"uagb_featured_image_src":{"full":false,"thumbnail":false,"medium":false,"medium_large":false,"large":false,"1536x1536":false,"2048x2048":false},"uagb_author_info":{"display_name":"admin","author_link":"https:\/\/samaritans-faleralaax.ch\/?author=1"},"uagb_comment_info":0,"uagb_excerpt":"Notfallmeldung Inhalt einer Notfallmeldung: Wo hat sich der Unfall ereignet? Genauer Ort, Strasse, Hausnummer, Stockwerk, Fahrtrichtung auf Autobahnen, Autobahnkilometer, etc. [&hellip;]","_links":{"self":[{"href":"https:\/\/samaritans-faleralaax.ch\/index.php?rest_route=\/wp\/v2\/pages\/47","targetHints":{"allow":["GET"]}}],"collection":[{"href":"https:\/\/samaritans-faleralaax.ch\/index.php?rest_route=\/wp\/v2\/pages"}],"about":[{"href":"https:\/\/samaritans-faleralaax.ch\/index.php?rest_route=\/wp\/v2\/types\/page"}],"author":[{"embeddable":true,"href":"https:\/\/samaritans-faleralaax.ch\/index.php?rest_route=\/wp\/v2\/users\/1"}],"replies":[{"embeddable":true,"href":"https:\/\/samaritans-faleralaax.ch\/index.php?rest_route=%2Fwp%2Fv2%2Fcomments&post=47"}],"version-history":[{"count":8,"href":"https:\/\/samaritans-faleralaax.ch\/index.php?rest_route=\/wp\/v2\/pages\/47\/revisions"}],"predecessor-version":[{"id":273,"href":"https:\/\/samaritans-faleralaax.ch\/index.php?rest_route=\/wp\/v2\/pages\/47\/revisions\/273"}],"wp:attachment":[{"href":"https:\/\/samaritans-faleralaax.ch\/index.php?rest_route=%2Fwp%2Fv2%2Fmedia&parent=47"}],"curies":[{"name":"wp","href":"https:\/\/api.w.org\/{rel}","templated":true}]}}